{"id":1216,"date":"2025-06-04T10:15:56","date_gmt":"2025-06-04T09:15:56","guid":{"rendered":"https:\/\/gr.epiksport.com\/polityka-prywatnosci\/"},"modified":"2025-06-04T10:15:56","modified_gmt":"2025-06-04T09:15:56","slug":"polityka-prywatnosci","status":"publish","type":"page","link":"https:\/\/gr.epiksport.com\/en\/polityka-prywatnosci\/","title":{"rendered":"Polityka prywatno\u015bci"},"content":{"rendered":"<h1>Polityka prywatno\u015bci<\/h1>\n<p>W <b>eMobi Pte. Ltd<\/b>., Epiksport, cenimy Twoj\u0105 prywatno\u015b\u0107 i zobowi\u0105zujemy si\u0119 do ochrony Twoich danych osobowych. Niniejsza Polityka prywatno\u015bci okre\u015bla, w jaki spos\u00f3b zbieramy, wykorzystujemy i udost\u0119pniamy Twoje informacje, gdy subskrybujesz nasz\u0105 us\u0142ug\u0119. Subskrybuj\u0105c nasz\u0105 us\u0142ug\u0119, wyra\u017casz zgod\u0119 na praktyki opisane w niniejszej polityce. Prosimy o uwa\u017cne zapoznanie si\u0119 z niniejsz\u0105 polityk\u0105, aby zrozumie\u0107, w jaki spos\u00f3b post\u0119pujemy z Twoimi informacjami.   <\/p>\n<p><strong>Gromadzone informacje<br \/>\n<\/strong>Kiedy korzystasz z naszej us\u0142ugi, mo\u017cemy gromadzi\u0107 nast\u0119puj\u0105ce rodzaje informacji:<\/p>\n<p style=\"margin-bottom: 0;\">a. Dane osobowe: <\/p>\n<ul>\n<li>Dane subskrypcyjne: Kiedy subskrybujesz nasz\u0105 us\u0142ug\u0119, zbieramy Tw\u00f3j numer telefonu kom\u00f3rkowego oraz wszelkie inne niezb\u0119dne dane rozliczeniowe. Te dane pomagaj\u0105 nam przetwarza\u0107 Twoj\u0105 subskrypcj\u0119 i prowadzi\u0107 dok\u0142adne rejestry. <\/li>\n<li>Weryfikacja wieku: Aby przestrzega\u0107 ogranicze\u0144 wiekowych, mo\u017cemy zbiera\u0107 informacje w celu upewnienia si\u0119, \u017ce masz uko\u0144czone 18 lat lub posiadasz zgod\u0119 rodzica lub opiekuna, je\u015bli masz mniej ni\u017c 18 lat.<\/li>\n<\/ul>\n<p style=\"margin-bottom: 0;\">b. Informacje techniczne: <\/p>\n<ul>\n<li>Informacje o urz\u0105dzeniu i sieci: Kiedy uzyskujesz dost\u0119p do naszego portalu, mo\u017cemy zbiera\u0107 szczeg\u00f3\u0142y dotycz\u0105ce Twojego urz\u0105dzenia, takie jak adres IP, typ przegl\u0105darki i informacje o sieci kom\u00f3rkowej.<\/li>\n<li>Dane dotycz\u0105ce u\u017cytkowania: \u015aledzimy spos\u00f3b, w jaki korzystasz z naszej us\u0142ugi, w tym aktywno\u015b\u0107 przegl\u0105dania, interakcje ze stronami i tre\u015bci, do kt\u00f3rych uzyskujesz dost\u0119p.<\/li>\n<\/ul>\n<p><strong>Jak wykorzystujemy Twoje informacje<br \/>\n<\/strong>Zebrane informacje wykorzystujemy w nast\u0119puj\u0105cych celach:<\/p>\n<ul>\n<li>\u015awiadczenie i utrzymanie us\u0142ugi: Aby przetwarza\u0107 Twoj\u0105 subskrypcj\u0119, w tym automatyczne odnawianie, chyba \u017ce zdecydujesz si\u0119 zrezygnowa\u0107 z subskrypcji. Aby wysy\u0142a\u0107 Ci powiadomienia o odnowieniu za po\u015brednictwem SMS. <\/li>\n<li>Komunikacja: Aby wysy\u0142a\u0107 Ci wa\u017cne aktualizacje dotycz\u0105ce us\u0142ugi, takie jak subskrypcje i odnowienia. Aby odpowiada\u0107 na wszelkie opinie lub zapytania, kt\u00f3re przesy\u0142asz za po\u015brednictwem <strong><a href=\"mailto:reklamacje@teleaudio.pl\">reklamacje@teleaudio.pl<\/a><\/strong>. <\/li>\n<li>Ulepszanie us\u0142ug: Aby analizowa\u0107, w jaki spos\u00f3b u\u017cytkownicy wchodz\u0105 w interakcje z nasz\u0105 us\u0142ug\u0105, aby\u015bmy mogli ulepszy\u0107 platform\u0119, w tym interfejs u\u017cytkownika, ofert\u0119 tre\u015bci i og\u00f3ln\u0105 wydajno\u015b\u0107.<\/li>\n<li>Zgodno\u015b\u0107 z obowi\u0105zkami prawnymi: Mo\u017cemy wykorzystywa\u0107 Twoje dane osobowe w celu przestrzegania obowi\u0105zuj\u0105cych przepis\u00f3w prawa, regulacji i proces\u00f3w prawnych.<\/li>\n<\/ul>\n<p style=\"margin-bottom: 0;\"><strong>Pliki cookie i technologie \u015bledzenia<br \/>\n<\/strong>Mo\u017cemy u\u017cywa\u0107 plik\u00f3w cookie i podobnych technologii \u015bledzenia, aby poprawi\u0107 Twoje do\u015bwiadczenia na naszym portalu. Pliki cookie to ma\u0142e pliki danych przechowywane na Twoim urz\u0105dzeniu, kt\u00f3re pozwalaj\u0105 nam: <\/p>\n<ul>\n<li>Zapami\u0119tywa\u0107 Twoje preferencje, takie jak ustawienia j\u0119zyka (portal jest w j\u0119zyku angielskim).<\/li>\n<li>\u015aledzi\u0107 wzorce u\u017cytkowania i poprawia\u0107 wydajno\u015b\u0107 us\u0142ugi.<\/li>\n<\/ul>\n<p>Mo\u017cesz zarz\u0105dza\u0107 swoimi preferencjami dotycz\u0105cymi plik\u00f3w cookie za po\u015brednictwem ustawie\u0144 przegl\u0105darki, ale wy\u0142\u0105czenie plik\u00f3w cookie mo\u017ce wp\u0142yn\u0105\u0107 na mo\u017cliwo\u015b\u0107 korzystania z niekt\u00f3rych funkcji us\u0142ugi.<\/p>\n<p style=\"margin-bottom: 0;\"><strong>Udost\u0119pnianie i ujawnianie danych<\/strong><br \/>\nNie sprzedajemy ani nie wynajmujemy Twoich danych osobowych stronom trzecim. Mo\u017cemy jednak udost\u0119pnia\u0107 Twoje informacje w nast\u0119puj\u0105cych scenariuszach: <\/p>\n<ul>\n<li>Zgodno\u015b\u0107 z prawem: Mo\u017cemy ujawni\u0107 Twoje informacje, je\u015bli jest to wymagane przez prawo lub w odpowiedzi na wa\u017cne \u017c\u0105dania prawne od w\u0142adz rz\u0105dowych.<\/li>\n<\/ul>\n<p><strong>Bezpiecze\u0144stwo danych<\/strong><br \/>\nWdra\u017camy odpowiednie \u015brodki techniczne i organizacyjne w celu ochrony Twoich danych osobowych przed nieautoryzowanym dost\u0119pem, ujawnieniem, zmian\u0105 lub zniszczeniem. Jednak \u017cadna metoda przesy\u0142ania lub przechowywania danych nie jest ca\u0142kowicie bezpieczna i nie mo\u017cemy zagwarantowa\u0107 absolutnego bezpiecze\u0144stwa Twoich informacji. <\/p>\n<p><strong>Przechowywanie Twoich informacji<\/strong><br \/>\nB\u0119dziemy przechowywa\u0107 Twoje dane osobowe tak d\u0142ugo, jak b\u0119dzie to konieczne do realizacji cel\u00f3w okre\u015blonych w niniejszej polityce. Mo\u017ce to obejmowa\u0107 przechowywanie Twoich danych w celu przestrzegania obowi\u0105zk\u00f3w prawnych, rozwi\u0105zywania spor\u00f3w i egzekwowania naszych um\u00f3w. <\/p>\n<p><strong>Prywatno\u015b\u0107 dzieci<\/strong><br \/>\nNasza us\u0142uga jest przeznaczona dla u\u017cytkownik\u00f3w, kt\u00f3rzy uko\u0144czyli 18 lat lub uzyskali zgod\u0119 rodzic\u00f3w. Nie zbieramy \u015bwiadomie danych osobowych od dzieci poni\u017cej 18 roku \u017cycia. Je\u015bli dowiemy si\u0119, \u017ce nieumy\u015blnie zebrali\u015bmy dane osobowe od dziecka bez zgody, podejmiemy kroki w celu usuni\u0119cia tych informacji.  <\/p>\n<p><strong>Wykorzystanie danych i op\u0142aty<\/strong><br \/>\nNale\u017cy pami\u0119ta\u0107, \u017ce standardowe op\u0142aty za dane mog\u0105 obowi\u0105zywa\u0107 podczas przegl\u0105dania lub pobierania tre\u015bci z naszego portalu, je\u015bli nie korzystasz z pakietu danych. Twoim obowi\u0105zkiem jest zarz\u0105dzanie wykorzystaniem danych zgodnie z Twoim planem mobilnym. <\/p>\n<p><strong>Mi\u0119dzynarodowe transfery danych<\/strong><br \/>\nDzia\u0142amy globalnie, a Twoje informacje mog\u0105 by\u0107 przesy\u0142ane i przetwarzane w krajach poza Twoim. Zapewniamy, \u017ce wszelkie transfery danych s\u0105 zgodne z obowi\u0105zuj\u0105cymi przepisami o ochronie prywatno\u015bci, a Twoje dane s\u0105 chronione odpowiednimi zabezpieczeniami. <\/p>\n<p><strong>Zmiany w niniejszej Polityce prywatno\u015bci<\/strong><br \/>\nMo\u017cemy od czasu do czasu aktualizowa\u0107 niniejsz\u0105 Polityk\u0119 prywatno\u015bci, aby odzwierciedli\u0107 zmiany w naszych praktykach lub odpowiednie wymogi prawne. O wszelkich istotnych zmianach powiadomimy Ci\u0119, publikuj\u0105c og\u0142oszenie na naszym portalu lub wysy\u0142aj\u0105c powiadomienie SMS. Dalsze korzystanie z us\u0142ugi po takich zmianach oznacza akceptacj\u0119 zmienionej polityki.  <\/p>\n<p><strong>Skontaktuj si\u0119 z nami<\/strong><br \/>\nJe\u015bli masz jakiekolwiek pytania, w\u0105tpliwo\u015bci lub uwagi dotycz\u0105ce niniejszej Polityki prywatno\u015bci lub naszych praktyk przetwarzania danych, skontaktuj si\u0119 z nami pod adresem <strong><a href=\"mailto:reklamacje@teleaudio.pl\">reklamacje@teleaudio.pl<\/a><\/strong><br \/>\nKorzystaj\u0105c z naszej us\u0142ugi, potwierdzasz, \u017ce przeczyta\u0142e\u015b(-a\u015b) i zrozumia\u0142e\u015b(-a\u015b) niniejsz\u0105 Polityk\u0119 prywatno\u015bci oraz zgadzasz si\u0119 na gromadzenie, wykorzystywanie i ujawnianie Twoich danych osobowych w spos\u00f3b opisany w niniejszym dokumencie.<\/p>\n<div id=\"envidictionary\">\n<div class=\"o-search-mobile\" style=\"top: 1489px; left: 911px; display: none;\"><img decoding=\"async\" style=\"width: 27px; height: 27px;\" src=\"data:image\/png;base64,iVBORw0KGgoAAAANSUhEUgAAADYAAAA2CAYAAACMRWrdAAAACXBIWXMAADsOAAA7DgHMtqGDAAAAIGNIUk0AAHolAACAgwAA+f8AAIDpAAB1MAAA6mAAADqYAAAXb5JfxUYAAAx2SURBVHja1Jp5kFzFfYC\/7n7XXLsze2hXKyFxCCSEhIwMAnSAwAkVEwNOAnE5roqTcqpM2XFiKBIfxJUQu5xKnNhJxbhcuVw5bALmpky45BgMJuEqJIyEBLrRrvaa3dk539Hd+WOWEdKuxK7YtZSumj9m3pv3+uvf\/esW1loAuAPQMJwJ+blfJKjYXEPpPyDh101ilmW7PMcNpDZ68v5TNzwQvlLm6ypVvd0qcLXFVDTVBlz6+RUAOK3bTfMjgDhJfs3G9l4TWymA5q+n07AkCV+OyoUX3bp5sGIszvlZFvfK1h0tsJpjCFxJKW58Om5E31XCQSKxVmINNAVrTx82KQlqjRW4kgMruuhb6bJoEVPBXswPYWJzcTTR+K4bZamH7QihcdwGxoCOPUhXTxsulRjilGRgVSeVtItXM8A0ErM6EUmVPw3H+sjkRzlj2RYKC3eRbhvGC0YZG1zPwFs34bhlEEdLzpr5mbyQx7\/mhJrB8\/KfK3d7v5kaTITOyNuqCVsyzjFgZqjjurAhPnLGqqdZfvndpHv2EI\/3UJvoQbkhUkXYY2xNKEFYSjCJRXpi7jRVgAktypN4bQo7jcOyzan0yYi+IBAMluxT\/\/WquenGi+W9R0tMVi9dsfFhll39j1QPXsDWh75IsX85YTWP1g7tvYJ0voRJjjw8KmvalwYs2ZBDKIFJ5oZMOgITWw48O0F5IMJNTS86YZpLLURTa0xkPwQcDbbmV7+xoOvslxl45TpefOiPqJY82jrrBNlRHDTKyYKVk+4TrGlCLN2UI9vrzYsqLtmQ4+d3j2DNidXS2iac4+BOsbGuJa+pQ9uu4dm7vkD3kgOsuuoxCgt3EWRH8dLDDO69hv3bPo3rjzdtzIJQzdVtedZtrxP3D2C1xjZCcldfgY0i4sEh0heuwsYxjTd3ozJpooFBMpesRSiFqVSpv74Dp6sTU6uTWr2yJTkhxaQ3FjOLA8eC9W\/fbLc\/\/UlWbnqE1dfcCVIz\/vYFFPtXoNQS6hOLkE58\/Odby6E\/\/gpJcQxvUR\/hgYNkLrmIyk+f5+0\/+SoX7n0NjOHQl+6g+7O\/x6Ev\/zln\/vO3Sa9ZzdhDP2Lshw9S+I3rKX7\/Hs597P6TjG5HZtcCG3jrMlZs\/AFnrL+Lw69cx56Xr6NSXEwSBxgtyfdCpjCBTqYns9pggcXf+Bq5Kze862XP09i3i9F\/u4vO3\/44KEn2sksIVpzLxONbSK9ZTeWZn5G7Yj3BecsQqWD2vkaANlCPqE4BW7buftoX7uDNx3+fN577BEImBNkivtvAGovju1grjxukhZKo9jaKP3yA2tbXMNUaC790K0Ipcus2MP7oE2Q3Xo7KZlFtbeSu3Ej5x88AEO7dR\/dnPoWtNxBSzhjGGkkSg2koAteOrlrEPVPAsp0H2PfyDbz+zCdJtw\/ievUmyKR6ixmouHAc4rf7IYoxYQRAUhyj4+M3Eg8c5vBffguns4CNItquvpLxRx6j9PgWRBCQXrOa0mNPzlhKRnu4\/gjZ\/EESbH9XPrdx5dK+ve9oYwtseO9adr98PUFmHNdrTEpnFvqtDXq8RO8XbiF3xfrW78nQME5XJz2f\/ww71l9DatX5mDDCP+csnI4CA1\/9K3KbNzYnW63NAiyHn95Kvvt\/MK7f5we9XxkN193Wl15R5N05yK7\/vREdB\/jpEtaeRNIrBXqsxPh9DzN238MMfvNOTLUKxtLYvhN3YS+5KzdQefo5bKMBQHDuORSfe4L0xWsB0KUycf\/hGRqWwRoPrduR9FCuhr\/72sBTt0xRxUa52zpe9eSgACEl7df\/CrWXX6V4933Eh4fIbriU7BWXE+7ZD0DPH96M8Bxwmq9tu+Zqend8iuylFwPgn7WU3C9tnl2KgsBai5IuUqreKWCOXxPY91eeLPzirSe8nr5oDWf+w9+3vmcuWcvZ\/\/FPre+5qzaRu2rT+8jEZAtAnvRTpMBEltpwMm8ZfHWkmYcKMfsFd056dQQ4Kcmep8Yp7mmgfDltsnpSa6YEcV0zvreBm5Ezr3OtMO8bDEB5Ah1bhrZVZ5H1zDAxkuDnFNIVxymLBAiDEDFCJJPh1eycEzBrmqsbFJx5U8eZ1HpWq4hUeLPtHPnenICd0gpalWhULqA4cCHBOOVKp3lpsDvhqvftPE7xEFKjdZqo0UFoOjrlaNe2nq29H+P\/O1izBjMoBcLROEKTbujNc6eK9p0O1i+25zGdL0nUNIXmybr8JLSYZJaTmKHTUB4oX8ymWWTnBCycMCzamGLBWp9oYg5bVQLctOTAj2sUd0R4OTlT9RRzAuYEgvLbSVNq0dzqo3QE4ZjBCcSMRSXcaQrNk26TxRZds3PWoWpNVE02jI7DJTUkKUmtC\/yqAs2Qm\/CD9wCz6DhFHKYxRmG0xM9FeOky6CNqkdQt7We5LPjg\/KjiwS01akMaLzeVLk6naTt4AG9oCKOdwxmpLl\/gZ\/ZxwepjwSxCWKJ6jijMks0fptD3Bn56DOnUMeZsGtXzEKLR+offLun\/WZ2D\/11HqLl1HiaxuBmJn5dYPfV61NZB56sPUHj932mkent93\/laR967hZv+ZfjohqlR1MpdBNlRVl7yAH0rfkoqPwjagWCY4Z03sOvFtXhBhJjMNcOSoW99igUf8InK8yCxn9QovjG98xDaoIM09XwvJtNDxdpPlCrh\/vPg9qPAquML6V6ylQ98+G9J9exmZPtV7H7po9TLXQirkV4vfqrUapgCSFfQGNOMvxWRNOycgilPENcM0hUnjjdCNB2HEDhBasEUG1t+2d2cve4+hICX\/vMvGNr7QXTiNXv2RlBYHJFur6HjI6vnZgTjb8aMbI3mXBWtAS8rcDNiWlU8bjoyBWzD92lUOnnhwdsp9i8n23EIpRKsbQZIx3WxRh3VfrManJTASc3fxuCMoY70Co4GC6sdbH\/6dyj2L6e9e19zw8+K02qv770FdiRHaenVnleuY\/jAGrKF\/lm33k5lItwsnJui8i07pkjs4PbNOG4DOal+x8Y1IZtF5ekyEimRuobSVawWRC5\/NtqV\/dbiY8GUEyOEngolmkuSRBYwre2jU15oulVqHeu+mXr7udv8+mBn3esdKWX8qc5DSH1cexIS6uPJ6aOCxuLXRqD9\/NF4+W12ya6\/GQka+\/GSZPZdKnE6nYhQgrBi8fUhGtlzOHjubaTGf4KQ\/uzArJ2My\/KdjbjpHa3VFk6QuM5J7BZNDXJ8RWU0svGBPYylCiB\/C2cknAHY5A5LY0xjYotSBpFOI\/N50FODi3AcdKmEKZcRjjMvHlBICAoOQgqiqqY+nlirBSIuARPEAHSfGEwIqI9o8ud4LNqUwTsjT+3J5yn\/69dRnR1T7tfDw2Q\/dhPpj1yNHirNi7T8dsXOe8cY2lZDugIBSF9O6xuOC9YoajrO97no5i7cyXA30VnEvvUjnHDxFKOL9+yho20ThR6Ie1JzDuWhKJciRt5okEQGz1NNsziOw3OmS0fs5CGXM385h4OgXI5xcw5R7BIHC7Bu5xSwJKgSJT51IKnqOQdzMpJDL1WpDsRkF7nvmRE574rByZH8zOKlFV5GEWGONGr8ALWgB9nZNQVM1iNEKjV\/TgOIq2bGjZ13SUwMv7MMwhGE45racExHr0dEc+NceC4y34Fsy0\/xfKrQQPj+vKWWBvDzCqlmCaZC8YLxDFZOGqUr2P3oBNklLm3tHhJIXIGOQmTSPBYhrMZO1is6DHEdyABJZu69okKw9PIcu84ep3woIsgrhJqBjdUL9hGpedQJ7bUg8NsVtcMJr\/zdCL3r0jg9XYjXa3hphRUWJym1hBY77XhZxciuOoMFEOMT85BugNeuyJ\/po+sWpEXH9rj5awusUHWNE+s7QhVeW3McpLYEHYq4atjz8AQN5dMbV1jujxBFIcX8Zor5D5EvPUvX2JP4wQhvbatwcGeVlCnNC5i1kFng0LEsIK4ZSodCEYdmWrgW2P5KikTygu+5n+2U9TuNmSwwUxInJQlkHZ2cx+jwFTT8Mxjs\/ihaZqgHS9AqR6a+k6jrAvJeDWXmdxMnrhqkJ0gtcGxU0ScGe7HQThU4x0TfWVptjJR9ezeC1lE+pavEToH9iz7X\/GNSxjPDGOkz3PlhhrkWZeo4utKyu\/kcWhvcDrEr6HKn3Ts4coAlASnAFyBDcY90zBORJ2+VRtwgsEutUK40oRY2RlgLWKxwEFbjJiWsEAhrfhFQbpIyQWrU\/es13+u4X0US7b6LbPJAxP8NAC7oZKX0Fn34AAAAAElFTkSuQmCC\" alt=\"ENVI\" width=\"27\" height=\"27\"><\/div>\n<div class=\"o-popup-tag o-bg-white o-border o-rounded o-shadow\" style=\"width: 400px; top: 1489px; left: 911px; display: none;\">\n<div><button class=\"o-btn-close o-position-absolute o-top-0 o-end-0 o-mt-1 o-me-1\" type=\"button\" aria-label=\"Close\"><\/button><\/p>\n<ul class=\"o-nav o-nav-tabs o-pop-nav\" role=\"tablist\">\n<li class=\"o-nav-item\" role=\"presentation\">\n<div class=\"o-nav-link o-active\" data-bs-toggle=\"tab\" aria-selected=\"true\">Wyszukaj<\/div>\n<\/li>\n<li class=\"o-nav-item\" role=\"presentation\">\n<div class=\"o-nav-link\" data-bs-toggle=\"tab\" aria-selected=\"false\">T\u0142umacz<\/div>\n<\/li>\n<li class=\"o-nav-item\" role=\"presentation\">\n<div class=\"o-nav-link\" data-bs-toggle=\"tab\" aria-selected=\"false\">Ustawienia<\/div>\n<\/li>\n<\/ul>\n<div class=\"o-selected-result o-pt-1\">\n<div>Wyszukiwanie&#8230;<\/div>\n<\/div>\n<\/div>\n<\/div>\n<\/div>\n<div id=\"envidictionarySetting\"><\/div>\n<div id=\"envidictionaryOff\"><\/div>\n","protected":false},"excerpt":{"rendered":"<p>Polityka prywatno\u015bci W eMobi Pte. Ltd., Epiksport, cenimy Twoj\u0105 prywatno\u015b\u0107 i zobowi\u0105zujemy si\u0119 do ochrony Twoich danych osobowych. Niniejsza Polityka prywatno\u015bci okre\u015bla, w jaki spos\u00f3b zbieramy, wykorzystujemy i udost\u0119pniamy Twoje informacje, gdy subskrybujesz nasz\u0105 us\u0142ug\u0119. Subskrybuj\u0105c nasz\u0105 us\u0142ug\u0119, wyra\u017casz zgod\u0119 na praktyki opisane w niniejszej polityce. Prosimy o uwa\u017cne zapoznanie si\u0119 z niniejsz\u0105 polityk\u0105, aby zrozumie\u0107, w jaki spos\u00f3b post\u0119pujemy z Twoimi informacjami. Gromadzone informacje Kiedy korzystasz z naszej us\u0142ugi, mo\u017cemy gromadzi\u0107 nast\u0119puj\u0105ce rodzaje informacji: a. Dane osobowe: Dane subskrypcyjne: Kiedy subskrybujesz nasz\u0105 us\u0142ug\u0119, zbieramy Tw\u00f3j numer telefonu kom\u00f3rkowego oraz wszelkie inne niezb\u0119dne dane rozliczeniowe. Te dane pomagaj\u0105 nam przetwarza\u0107 Twoj\u0105 subskrypcj\u0119 i prowadzi\u0107 dok\u0142adne rejestry. Weryfikacja wieku: Aby przestrzega\u0107 ogranicze\u0144 wiekowych, mo\u017cemy zbiera\u0107 informacje w celu upewnienia si\u0119, \u017ce masz uko\u0144czone 18 lat lub posiadasz zgod\u0119 rodzica lub opiekuna, je\u015bli masz mniej ni\u017c 18 lat. b. Informacje techniczne: Informacje o urz\u0105dzeniu i sieci: Kiedy uzyskujesz dost\u0119p do naszego portalu, mo\u017cemy zbiera\u0107 szczeg\u00f3\u0142y dotycz\u0105ce Twojego urz\u0105dzenia, takie jak adres IP, typ przegl\u0105darki i informacje o sieci kom\u00f3rkowej. Dane dotycz\u0105ce u\u017cytkowania: \u015aledzimy spos\u00f3b, w jaki korzystasz z naszej us\u0142ugi, w tym aktywno\u015b\u0107 przegl\u0105dania, interakcje ze stronami i tre\u015bci, do kt\u00f3rych uzyskujesz dost\u0119p. Jak wykorzystujemy Twoje informacje Zebrane informacje wykorzystujemy w nast\u0119puj\u0105cych celach: \u015awiadczenie i utrzymanie us\u0142ugi: Aby przetwarza\u0107 Twoj\u0105 subskrypcj\u0119, w tym automatyczne odnawianie, chyba \u017ce zdecydujesz si\u0119 zrezygnowa\u0107 z subskrypcji. Aby wysy\u0142a\u0107 Ci powiadomienia o odnowieniu za po\u015brednictwem SMS. Komunikacja: Aby wysy\u0142a\u0107 Ci wa\u017cne aktualizacje dotycz\u0105ce us\u0142ugi, takie jak subskrypcje i odnowienia. Aby odpowiada\u0107 na wszelkie opinie lub zapytania, kt\u00f3re przesy\u0142asz za po\u015brednictwem reklamacje@teleaudio.pl. Ulepszanie us\u0142ug: Aby analizowa\u0107, w jaki spos\u00f3b u\u017cytkownicy wchodz\u0105 w interakcje z nasz\u0105 us\u0142ug\u0105, aby\u015bmy mogli ulepszy\u0107 platform\u0119, w tym interfejs u\u017cytkownika, ofert\u0119 tre\u015bci i og\u00f3ln\u0105 wydajno\u015b\u0107. Zgodno\u015b\u0107 z obowi\u0105zkami prawnymi: Mo\u017cemy wykorzystywa\u0107 Twoje dane osobowe w celu przestrzegania obowi\u0105zuj\u0105cych przepis\u00f3w prawa, regulacji i proces\u00f3w prawnych. Pliki cookie i technologie \u015bledzenia Mo\u017cemy u\u017cywa\u0107 plik\u00f3w cookie i podobnych technologii \u015bledzenia, aby poprawi\u0107 Twoje do\u015bwiadczenia na naszym portalu. Pliki cookie to ma\u0142e pliki danych przechowywane na Twoim urz\u0105dzeniu, kt\u00f3re pozwalaj\u0105 nam: Zapami\u0119tywa\u0107 Twoje preferencje, takie jak ustawienia j\u0119zyka (portal jest w j\u0119zyku angielskim). \u015aledzi\u0107 wzorce u\u017cytkowania i poprawia\u0107 wydajno\u015b\u0107 us\u0142ugi. Mo\u017cesz zarz\u0105dza\u0107 swoimi preferencjami dotycz\u0105cymi plik\u00f3w cookie za po\u015brednictwem ustawie\u0144 przegl\u0105darki, ale wy\u0142\u0105czenie plik\u00f3w cookie mo\u017ce wp\u0142yn\u0105\u0107 na mo\u017cliwo\u015b\u0107 korzystania z niekt\u00f3rych funkcji us\u0142ugi. Udost\u0119pnianie i ujawnianie danych Nie sprzedajemy ani nie wynajmujemy Twoich danych osobowych stronom trzecim. Mo\u017cemy jednak udost\u0119pnia\u0107 Twoje informacje w nast\u0119puj\u0105cych scenariuszach: Zgodno\u015b\u0107 z prawem: Mo\u017cemy ujawni\u0107 Twoje informacje, je\u015bli jest to wymagane przez prawo lub w odpowiedzi na wa\u017cne \u017c\u0105dania prawne od w\u0142adz rz\u0105dowych. Bezpiecze\u0144stwo danych Wdra\u017camy odpowiednie \u015brodki techniczne i organizacyjne w celu ochrony Twoich danych osobowych przed nieautoryzowanym dost\u0119pem, ujawnieniem, zmian\u0105 lub zniszczeniem. Jednak \u017cadna metoda przesy\u0142ania lub przechowywania danych nie jest ca\u0142kowicie bezpieczna i nie mo\u017cemy zagwarantowa\u0107 absolutnego bezpiecze\u0144stwa Twoich informacji. Przechowywanie Twoich informacji B\u0119dziemy przechowywa\u0107 Twoje dane osobowe tak d\u0142ugo, jak b\u0119dzie to konieczne do realizacji cel\u00f3w okre\u015blonych w niniejszej polityce. Mo\u017ce to obejmowa\u0107 przechowywanie Twoich danych w celu przestrzegania obowi\u0105zk\u00f3w prawnych, rozwi\u0105zywania spor\u00f3w i egzekwowania naszych um\u00f3w. Prywatno\u015b\u0107 dzieci Nasza us\u0142uga jest przeznaczona dla u\u017cytkownik\u00f3w, kt\u00f3rzy uko\u0144czyli 18 lat lub uzyskali zgod\u0119 rodzic\u00f3w. Nie zbieramy \u015bwiadomie danych osobowych od dzieci poni\u017cej 18 roku \u017cycia. Je\u015bli dowiemy si\u0119, \u017ce nieumy\u015blnie zebrali\u015bmy dane osobowe od dziecka bez zgody, podejmiemy kroki w celu usuni\u0119cia tych informacji. Wykorzystanie danych i op\u0142aty Nale\u017cy pami\u0119ta\u0107, \u017ce standardowe op\u0142aty za dane mog\u0105 obowi\u0105zywa\u0107 podczas przegl\u0105dania lub pobierania tre\u015bci z naszego portalu, je\u015bli nie korzystasz z pakietu danych. Twoim obowi\u0105zkiem jest zarz\u0105dzanie wykorzystaniem danych zgodnie z Twoim planem mobilnym. Mi\u0119dzynarodowe transfery danych Dzia\u0142amy globalnie, a Twoje informacje mog\u0105 by\u0107 przesy\u0142ane i przetwarzane w krajach poza Twoim. Zapewniamy, \u017ce wszelkie transfery danych s\u0105 zgodne z obowi\u0105zuj\u0105cymi przepisami o ochronie prywatno\u015bci, a Twoje dane s\u0105 chronione odpowiednimi zabezpieczeniami. Zmiany w niniejszej Polityce prywatno\u015bci Mo\u017cemy od czasu do czasu aktualizowa\u0107 niniejsz\u0105 Polityk\u0119 prywatno\u015bci, aby odzwierciedli\u0107 zmiany w naszych praktykach lub odpowiednie wymogi prawne. O wszelkich istotnych zmianach powiadomimy Ci\u0119, publikuj\u0105c og\u0142oszenie na naszym portalu lub wysy\u0142aj\u0105c powiadomienie SMS. Dalsze korzystanie z us\u0142ugi po takich zmianach oznacza akceptacj\u0119 zmienionej polityki. Skontaktuj si\u0119 z nami Je\u015bli masz jakiekolwiek pytania, w\u0105tpliwo\u015bci lub uwagi dotycz\u0105ce niniejszej Polityki prywatno\u015bci lub naszych praktyk przetwarzania danych, skontaktuj si\u0119 z nami pod adresem reklamacje@teleaudio.pl Korzystaj\u0105c z naszej us\u0142ugi, potwierdzasz, \u017ce przeczyta\u0142e\u015b(-a\u015b) i zrozumia\u0142e\u015b(-a\u015b) niniejsz\u0105 Polityk\u0119 prywatno\u015bci oraz zgadzasz si\u0119 na gromadzenie, wykorzystywanie i ujawnianie Twoich danych osobowych w spos\u00f3b opisany w niniejszym dokumencie. Wyszukaj T\u0142umacz Ustawienia Wyszukiwanie&#8230;<\/p>\n","protected":false},"author":1,"featured_media":0,"parent":0,"menu_order":0,"comment_status":"closed","ping_status":"closed","template":"elementor_header_footer","meta":{"footnotes":""},"class_list":["post-1216","page","type-page","status-publish","hentry"],"_links":{"self":[{"href":"https:\/\/gr.epiksport.com\/en\/wp-json\/wp\/v2\/pages\/1216","targetHints":{"allow":["GET"]}}],"collection":[{"href":"https:\/\/gr.epiksport.com\/en\/wp-json\/wp\/v2\/pages"}],"about":[{"href":"https:\/\/gr.epiksport.com\/en\/wp-json\/wp\/v2\/types\/page"}],"author":[{"embeddable":true,"href":"https:\/\/gr.epiksport.com\/en\/wp-json\/wp\/v2\/users\/1"}],"replies":[{"embeddable":true,"href":"https:\/\/gr.epiksport.com\/en\/wp-json\/wp\/v2\/comments?post=1216"}],"version-history":[{"count":0,"href":"https:\/\/gr.epiksport.com\/en\/wp-json\/wp\/v2\/pages\/1216\/revisions"}],"wp:attachment":[{"href":"https:\/\/gr.epiksport.com\/en\/wp-json\/wp\/v2\/media?parent=1216"}],"curies":[{"name":"wp","href":"https:\/\/api.w.org\/{rel}","templated":true}]}}