{"id":1204,"date":"2025-06-21T15:05:19","date_gmt":"2025-06-21T14:05:19","guid":{"rendered":"https:\/\/gr.epiksport.com\/pilka-reczna\/"},"modified":"2026-04-09T04:43:05","modified_gmt":"2026-04-09T03:43:05","slug":"pilka-reczna","status":"publish","type":"page","link":"https:\/\/gr.epiksport.com\/en\/pilka-reczna\/","title":{"rendered":"Pi\u0142ka r\u0119czna"},"content":{"rendered":"\t\t<div data-elementor-type=\"wp-page\" data-elementor-id=\"1204\" class=\"elementor elementor-1204\">\n\t\t\t\t<div class=\"elementor-element elementor-element-67aa926 e-flex e-con-boxed wpr-particle-no wpr-sticky-section-no e-con e-parent\" data-id=\"67aa926\" data-element_type=\"container\">\n\t\t\t\t\t<div class=\"e-con-inner\">\n\t\t\t\t<div class=\"elementor-element elementor-element-fe03b7c elementor-widget elementor-widget-heading\" data-id=\"fe03b7c\" data-element_type=\"widget\" data-widget_type=\"heading.default\">\n\t\t\t\t<div class=\"elementor-widget-container\">\n\t\t\t\t\t<h1 class=\"elementor-heading-title elementor-size-default\">WSZYSTKIE SKR\u00d3TY WIDEO Z PI\u0141KI R\u0118CZNEJ<\/h1>\t\t\t\t<\/div>\n\t\t\t\t<\/div>\n\t\t\t\t<div class=\"elementor-element elementor-element-a6c39fb elementor-widget elementor-widget-sport-video-grid\" data-id=\"a6c39fb\" data-element_type=\"widget\" data-widget_type=\"sport-video-grid.default\">\n\t\t\t\t<div class=\"elementor-widget-container\">\n\t\t\t\t\t\r\n\t\t<div class=\"list-video-highlight list-video-hightlight-grid d-grid cols-3\" id=\"handball\">\r\n\t\t\t  <div class=\"item-video-highlight text-uppercase\" data-id=\"Golden League - Denmark\">\r\n    <a href=\"\" data-url=\"https:\/\/www.youtube.com\/embed\/_ZNIazQXuGc\" data-id=\"15874\" class=\"title-video-highlight title-video video-popup\">\r\n      <div class=\"item-video-inner image-hover\">\r\n        <div class=\"box-image-thumbnail\">\r\n          <img decoding=\"async\" loading=\"lazy\" src=\"https:\/\/i.ytimg.com\/vi\/_ZNIazQXuGc\/hqdefault.jpg\" alt=\"Denmark vs Norway | Golden League | Highlights 2026 \ud83d\udd25\" \/>\r\n                      <div class=\"label-video\">Golden League - Denmark<\/div>\r\n                  <\/div>\r\n        <div class=\"box-content-video em-auth-mod\">\r\n          <div class=\"title-video-content\">\r\n            <div class=\"title-video-highlight title-video\"><img decoding=\"async\" src=\"https:\/\/gr.epiksport.com\/wp-content\/themes\/hello-elementor-child\/assets\/images\/play.svg\" \/> <span class=\"title\">Denmark vs Norway | Golden League | Highlights 2026 \ud83d\udd25<\/span><\/div>\r\n          <\/div>\r\n          <div class=\"date-video\">\r\n            <span>Mar 22, 2026<\/span>\r\n          <\/div>\r\n        <\/div>\r\n      <\/div>\r\n    <\/a>\r\n  <\/div>\r\n\t\t\t\t\r\n\t\t\t  <div class=\"item-video-highlight text-uppercase\" data-id=\"Coppa Italia\">\r\n    <a href=\"\" data-url=\"https:\/\/www.youtube.com\/embed\/TLJTZ6daGAU\" data-id=\"15473\" class=\"title-video-highlight title-video video-popup\">\r\n      <div class=\"item-video-inner image-hover\">\r\n        <div class=\"box-image-thumbnail\">\r\n          <img decoding=\"async\" loading=\"lazy\" src=\"https:\/\/i.ytimg.com\/vi\/TLJTZ6daGAU\/hqdefault.jpg\" alt=\"HIGHLIGHTS | 2026 Italian Cup | FINAL | Siracusa - Trieste 27-24\" \/>\r\n                      <div class=\"label-video\">Coppa Italia<\/div>\r\n                  <\/div>\r\n        <div class=\"box-content-video em-auth-mod\">\r\n          <div class=\"title-video-content\">\r\n            <div class=\"title-video-highlight title-video\"><img decoding=\"async\" src=\"https:\/\/gr.epiksport.com\/wp-content\/themes\/hello-elementor-child\/assets\/images\/play.svg\" \/> <span class=\"title\">HIGHLIGHTS | 2026 Italian Cup | FINAL | Siracusa - Trieste 27-24<\/span><\/div>\r\n          <\/div>\r\n          <div class=\"date-video\">\r\n            <span>Mar 01, 2026<\/span>\r\n          <\/div>\r\n        <\/div>\r\n      <\/div>\r\n    <\/a>\r\n  <\/div>\r\n\t\t\t\t\r\n\t\t\t  <div class=\"item-video-highlight text-uppercase\" data-id=\"Coppa Italia\">\r\n    <a href=\"\" data-url=\"https:\/\/www.youtube.com\/embed\/keolfwXHBi8\" data-id=\"15410\" class=\"title-video-highlight title-video video-popup\">\r\n      <div class=\"item-video-inner image-hover\">\r\n        <div class=\"box-image-thumbnail\">\r\n          <img decoding=\"async\" loading=\"lazy\" src=\"https:\/\/i.ytimg.com\/vi\/keolfwXHBi8\/hqdefault.jpg\" alt=\"HIGHLIGHTS | 2026 Italian Cup | SEMIFINALS | Albatro - Sassari 30-29\" \/>\r\n                      <div class=\"label-video\">Coppa Italia<\/div>\r\n                  <\/div>\r\n        <div class=\"box-content-video em-auth-mod\">\r\n          <div class=\"title-video-content\">\r\n            <div class=\"title-video-highlight title-video\"><img decoding=\"async\" src=\"https:\/\/gr.epiksport.com\/wp-content\/themes\/hello-elementor-child\/assets\/images\/play.svg\" \/> <span class=\"title\">HIGHLIGHTS | 2026 Italian Cup | SEMIFINALS | Albatro - Sassari 30-29<\/span><\/div>\r\n          <\/div>\r\n          <div class=\"date-video\">\r\n            <span>Feb 28, 2026<\/span>\r\n          <\/div>\r\n        <\/div>\r\n      <\/div>\r\n    <\/a>\r\n  <\/div>\r\n\t\t\t\t\r\n\t\t\t  <div class=\"item-video-highlight text-uppercase\" data-id=\"Coppa Italia Women\">\r\n    <a href=\"\" data-url=\"https:\/\/www.youtube.com\/embed\/YNVkjCj4caU\" data-id=\"15413\" class=\"title-video-highlight title-video video-popup\">\r\n      <div class=\"item-video-inner image-hover\">\r\n        <div class=\"box-image-thumbnail\">\r\n          <img decoding=\"async\" loading=\"lazy\" src=\"https:\/\/i.ytimg.com\/vi\/YNVkjCj4caU\/hqdefault.jpg\" alt=\"HIGHLIGHTS | 2026 Italian Cup | SEMIFINALS | Erice - Cassano Magnago 25-24\" \/>\r\n                      <div class=\"label-video\">Coppa Italia Women<\/div>\r\n                  <\/div>\r\n        <div class=\"box-content-video em-auth-mod\">\r\n          <div class=\"title-video-content\">\r\n            <div class=\"title-video-highlight title-video\"><img decoding=\"async\" src=\"https:\/\/gr.epiksport.com\/wp-content\/themes\/hello-elementor-child\/assets\/images\/play.svg\" \/> <span class=\"title\">HIGHLIGHTS | 2026 Italian Cup | SEMIFINALS | Erice - Cassano Magnago 25-24<\/span><\/div>\r\n          <\/div>\r\n          <div class=\"date-video\">\r\n            <span>Feb 28, 2026<\/span>\r\n          <\/div>\r\n        <\/div>\r\n      <\/div>\r\n    <\/a>\r\n  <\/div>\r\n\t\t\t\t\r\n\t\t\t  <div class=\"item-video-highlight text-uppercase\" data-id=\"Coppa Italia\">\r\n    <a href=\"\" data-url=\"https:\/\/www.youtube.com\/embed\/7xn9t9W4F24\" data-id=\"15398\" class=\"title-video-highlight title-video video-popup\">\r\n      <div class=\"item-video-inner image-hover\">\r\n        <div class=\"box-image-thumbnail\">\r\n          <img decoding=\"async\" loading=\"lazy\" src=\"https:\/\/i.ytimg.com\/vi\/7xn9t9W4F24\/hqdefault.jpg\" alt=\"HIGHLIGHTS | 2026 Italian Cup | QUARTER-FINALS | Albatro - Fasano 31-29\" \/>\r\n                      <div class=\"label-video\">Coppa Italia<\/div>\r\n                  <\/div>\r\n        <div class=\"box-content-video em-auth-mod\">\r\n          <div class=\"title-video-content\">\r\n            <div class=\"title-video-highlight title-video\"><img decoding=\"async\" src=\"https:\/\/gr.epiksport.com\/wp-content\/themes\/hello-elementor-child\/assets\/images\/play.svg\" \/> <span class=\"title\">HIGHLIGHTS | 2026 Italian Cup | QUARTER-FINALS | Albatro - Fasano 31-29<\/span><\/div>\r\n          <\/div>\r\n          <div class=\"date-video\">\r\n            <span>Feb 27, 2026<\/span>\r\n          <\/div>\r\n        <\/div>\r\n      <\/div>\r\n    <\/a>\r\n  <\/div>\r\n\t\t\t\t\r\n\t\t\t  <div class=\"item-video-highlight text-uppercase\" data-id=\"Coppa Italia Women\">\r\n    <a href=\"\" data-url=\"https:\/\/www.youtube.com\/embed\/B_wiZUyAMG8\" data-id=\"15374\" class=\"title-video-highlight title-video video-popup\">\r\n      <div class=\"item-video-inner image-hover\">\r\n        <div class=\"box-image-thumbnail\">\r\n          <img decoding=\"async\" loading=\"lazy\" src=\"https:\/\/i.ytimg.com\/vi\/B_wiZUyAMG8\/hqdefault.jpg\" alt=\"HIGHLIGHTS | Coppa Italia 2026 | QUARTI DI FINALE | Cassano Magnago - Leno 27-19\" \/>\r\n                      <div class=\"label-video\">Coppa Italia Women<\/div>\r\n                  <\/div>\r\n        <div class=\"box-content-video em-auth-mod\">\r\n          <div class=\"title-video-content\">\r\n            <div class=\"title-video-highlight title-video\"><img decoding=\"async\" src=\"https:\/\/gr.epiksport.com\/wp-content\/themes\/hello-elementor-child\/assets\/images\/play.svg\" \/> <span class=\"title\">HIGHLIGHTS | Coppa Italia 2026 | QUARTI DI FINALE | Cassano Magnago - Leno 27-19<\/span><\/div>\r\n          <\/div>\r\n          <div class=\"date-video\">\r\n            <span>Feb 27, 2026<\/span>\r\n          <\/div>\r\n        <\/div>\r\n      <\/div>\r\n    <\/a>\r\n  <\/div>\r\n\t\t\t\t\r\n\t\t\t  <div class=\"item-video-highlight text-uppercase\" data-id=\"Coppa Italia\">\r\n    <a href=\"\" data-url=\"https:\/\/www.youtube.com\/embed\/FXRdJgliV-0\" data-id=\"15338\" class=\"title-video-highlight title-video video-popup\">\r\n      <div class=\"item-video-inner image-hover\">\r\n        <div class=\"box-image-thumbnail\">\r\n          <img decoding=\"async\" loading=\"lazy\" src=\"https:\/\/i.ytimg.com\/vi\/FXRdJgliV-0\/hqdefault.jpg\" alt=\"HIGHLIGHTS | 2026 Italian Cup | QUARTER-FINALS | Cassano Magnago - Pressano 27-29\" \/>\r\n                      <div class=\"label-video\">Coppa Italia<\/div>\r\n                  <\/div>\r\n        <div class=\"box-content-video em-auth-mod\">\r\n          <div class=\"title-video-content\">\r\n            <div class=\"title-video-highlight title-video\"><img decoding=\"async\" src=\"https:\/\/gr.epiksport.com\/wp-content\/themes\/hello-elementor-child\/assets\/images\/play.svg\" \/> <span class=\"title\">HIGHLIGHTS | 2026 Italian Cup | QUARTER-FINALS | Cassano Magnago - Pressano 27-29<\/span><\/div>\r\n          <\/div>\r\n          <div class=\"date-video\">\r\n            <span>Feb 26, 2026<\/span>\r\n          <\/div>\r\n        <\/div>\r\n      <\/div>\r\n    <\/a>\r\n  <\/div>\r\n\t\t\t\t\r\n\t\t\t  <div class=\"item-video-highlight text-uppercase\" data-id=\"Coppa Italia\">\r\n    <a href=\"\" data-url=\"https:\/\/www.youtube.com\/embed\/u5jhd5gj5uc\" data-id=\"15340\" class=\"title-video-highlight title-video video-popup\">\r\n      <div class=\"item-video-inner image-hover\">\r\n        <div class=\"box-image-thumbnail\">\r\n          <img decoding=\"async\" loading=\"lazy\" src=\"https:\/\/i.ytimg.com\/vi\/u5jhd5gj5uc\/hqdefault.jpg\" alt=\"HIGHLIGHTS | Coppa Italia 2026 | QUARTI DI FINALE | Sassari - Cingoli 36-30\" \/>\r\n                      <div class=\"label-video\">Coppa Italia<\/div>\r\n                  <\/div>\r\n        <div class=\"box-content-video em-auth-mod\">\r\n          <div class=\"title-video-content\">\r\n            <div class=\"title-video-highlight title-video\"><img decoding=\"async\" src=\"https:\/\/gr.epiksport.com\/wp-content\/themes\/hello-elementor-child\/assets\/images\/play.svg\" \/> <span class=\"title\">HIGHLIGHTS | Coppa Italia 2026 | QUARTI DI FINALE | Sassari - Cingoli 36-30<\/span><\/div>\r\n          <\/div>\r\n          <div class=\"date-video\">\r\n            <span>Feb 26, 2026<\/span>\r\n          <\/div>\r\n        <\/div>\r\n      <\/div>\r\n    <\/a>\r\n  <\/div>\r\n\t\t\t\t\r\n\t\t\t  <div class=\"item-video-highlight text-uppercase\" data-id=\"European Championship\">\r\n    <a href=\"\" data-url=\"https:\/\/www.youtube.com\/embed\/SkmBDb_Wpy4\" data-id=\"14824\" class=\"title-video-highlight title-video video-popup\">\r\n      <div class=\"item-video-inner image-hover\">\r\n        <div class=\"box-image-thumbnail\">\r\n          <img decoding=\"async\" loading=\"lazy\" src=\"https:\/\/i.ytimg.com\/vi\/SkmBDb_Wpy4\/hqdefault.jpg\" alt=\"European Championship: Denmark vs Germany\" \/>\r\n                      <div class=\"label-video\">European Championship<\/div>\r\n                  <\/div>\r\n        <div class=\"box-content-video em-auth-mod\">\r\n          <div class=\"title-video-content\">\r\n            <div class=\"title-video-highlight title-video\"><img decoding=\"async\" src=\"https:\/\/gr.epiksport.com\/wp-content\/themes\/hello-elementor-child\/assets\/images\/play.svg\" \/> <span class=\"title\">European Championship: Denmark vs Germany<\/span><\/div>\r\n          <\/div>\r\n          <div class=\"date-video\">\r\n            <span>Feb 01, 2026<\/span>\r\n          <\/div>\r\n        <\/div>\r\n      <\/div>\r\n    <\/a>\r\n  <\/div>\r\n\t\t\t\t\r\n\t\t\t\t\t<\/div>\r\n\t<div class=\"pagination-video\"><span aria-current=\"page\" class=\"page-numbers current\">1<\/span>\n<a class=\"page-numbers\" href=\"\/en\/wp-json\/wp\/v2\/pages\/1204?paged=2\">2<\/a>\n<a class=\"page-numbers\" href=\"\/en\/wp-json\/wp\/v2\/pages\/1204?paged=3\">3<\/a>\n<a class=\"page-numbers\" href=\"\/en\/wp-json\/wp\/v2\/pages\/1204?paged=4\">4<\/a>\n<a class=\"page-numbers\" href=\"\/en\/wp-json\/wp\/v2\/pages\/1204?paged=5\">5<\/a>\n<a class=\"next page-numbers\" href=\"\/en\/wp-json\/wp\/v2\/pages\/1204?paged=2\">><\/a><\/div>\r\n\r\n<script type=\"text\/javascript\">\r\n    (function($){\r\n        $(document).ready(function(){\r\n            $('.video-popup').click(function(){\r\n            \tlet id = $(this).data('id');\r\n            \tlet type = $(this).parents('.list-video-highlight').attr('id');\r\n            \t\/\/console.log(id);\r\n                $.ajax({\r\n                    type : \"post\", \r\n                    dataType : \"json\",\r\n                    url : 'https:\/\/gr.epiksport.com\/wp-admin\/admin-ajax.php',\r\n                    data : {\r\n                        action: \"loadvideopopup\",\r\n                        id: id,\r\n                        type: type,\r\n                    },\r\n                    context: this,\r\n                    beforeSend: function(){\r\n                    \t$('#title-video-popup').html('');\r\n                      $('.video-highlight-popup iframe').attr('src','');\r\n                      $('.bg-overlay').addClass('active');\r\n                      $('.popup-video-highlight').removeClass('fade').addClass('active');\r\n                    },\r\n                    success: function(response) {\r\n                        if(response.success) {\r\n                          $('.bg-overlay').removeClass('active');\r\n                          $('#title-video-popup').html(response.data.title);\r\n                          $('.video-highlight-popup iframe').attr('src',response.data.embedUrl);\r\n                        }\r\n                        else {\r\n                           console.log( 'error' );\r\n                        }\r\n                    },\r\n                    error: function( jqXHR, textStatus, errorThrown ){\r\n                       \r\n                        console.log( 'The following error occured: ' + textStatus, errorThrown );\r\n                    }\r\n                })\r\n                return false;\r\n            })\r\n        })\r\n    })(jQuery)\r\n<\/script>\r\n\t\t\t\t\t\t<\/div>\n\t\t\t\t<\/div>\n\t\t\t\t\t<\/div>\n\t\t\t\t<\/div>\n\t\t\t\t<\/div>\n\t\t","protected":false},"excerpt":{"rendered":"<p>WSZYSTKIE SKR\u00d3TY WIDEO Z PI\u0141KI R\u0118CZNEJ Golden League &#8211; Denmark Denmark vs Norway | Golden League | Highlights 2026 ? Mar 22, 2026 Coppa Italia HIGHLIGHTS | 2026 Italian Cup | FINAL | Siracusa &#8211; Trieste 27-24 Mar 01, 2026 Coppa Italia HIGHLIGHTS | 2026 Italian Cup | SEMIFINALS | Albatro &#8211; Sassari 30-29 Feb 28, 2026 Coppa Italia Women HIGHLIGHTS | 2026 Italian Cup | SEMIFINALS | Erice &#8211; Cassano Magnago 25-24 Feb 28, 2026 Coppa Italia HIGHLIGHTS | 2026 Italian Cup | QUARTER-FINALS | Albatro &#8211; Fasano 31-29 Feb 27, 2026 Coppa Italia Women HIGHLIGHTS | Coppa Italia 2026 | QUARTI DI FINALE | Cassano Magnago &#8211; Leno 27-19 Feb 27, 2026 Coppa Italia HIGHLIGHTS | 2026 Italian Cup | QUARTER-FINALS | Cassano Magnago &#8211; Pressano 27-29 Feb 26, 2026 Coppa Italia HIGHLIGHTS | Coppa Italia 2026 | QUARTI DI FINALE | Sassari &#8211; Cingoli 36-30 Feb 26, 2026 European Championship European Championship: Denmark vs Germany Feb 01, 2026 1 2 3 4 5 &hellip; 7 ><\/p>\n","protected":false},"author":1,"featured_media":0,"parent":0,"menu_order":0,"comment_status":"closed","ping_status":"closed","template":"elementor_header_footer","meta":{"footnotes":""},"class_list":["post-1204","page","type-page","status-publish","hentry"],"_links":{"self":[{"href":"https:\/\/gr.epiksport.com\/en\/wp-json\/wp\/v2\/pages\/1204","targetHints":{"allow":["GET"]}}],"collection":[{"href":"https:\/\/gr.epiksport.com\/en\/wp-json\/wp\/v2\/pages"}],"about":[{"href":"https:\/\/gr.epiksport.com\/en\/wp-json\/wp\/v2\/types\/page"}],"author":[{"embeddable":true,"href":"https:\/\/gr.epiksport.com\/en\/wp-json\/wp\/v2\/users\/1"}],"replies":[{"embeddable":true,"href":"https:\/\/gr.epiksport.com\/en\/wp-json\/wp\/v2\/comments?post=1204"}],"version-history":[{"count":1,"href":"https:\/\/gr.epiksport.com\/en\/wp-json\/wp\/v2\/pages\/1204\/revisions"}],"predecessor-version":[{"id":1205,"href":"https:\/\/gr.epiksport.com\/en\/wp-json\/wp\/v2\/pages\/1204\/revisions\/1205"}],"wp:attachment":[{"href":"https:\/\/gr.epiksport.com\/en\/wp-json\/wp\/v2\/media?parent=1204"}],"curies":[{"name":"wp","href":"https:\/\/api.w.org\/{rel}","templated":true}]}}